{"id":15,"date":"2018-07-16T09:08:07","date_gmt":"2018-07-16T09:08:07","guid":{"rendered":"https:\/\/stage.azezana.net\/?page_id=15"},"modified":"2023-07-20T16:19:33","modified_gmt":"2023-07-20T15:19:33","slug":"unsere-geschichte","status":"publish","type":"page","link":"https:\/\/azezana.net\/de\/unsere-geschichte\/","title":{"rendered":"Unsere Geschichte"},"content":{"rendered":"<p>[vc_row full_height=&#8221;yes&#8221; columns_placement=&#8221;stretch&#8221; equal_height=&#8221;yes&#8221; content_placement=&#8221;middle&#8221; columns_height=&#8221;adjust_cols_height&#8221; background_style=&#8221;normal&#8221; el_class=&#8221;aze_split_header&#8221;][vc_column css=&#8221;.vc_custom_1537436540605{background-image: url(https:\/\/azezana.net\/wp-content\/uploads\/sites\/3\/2018\/09\/OurStory_1000x1500_Pic01.jpg?id=666) !important;background-position: center !important;background-repeat: no-repeat !important;background-size: cover !important;}&#8221; offset=&#8221;vc_col-lg-6 vc_col-md-6&#8243;][vc_empty_space height=&#8221;350px&#8221;][\/vc_column][vc_column css=&#8221;.vc_custom_1484433918406{padding-top: 150px !important;padding-right: 16% !important;padding-bottom: 150px !important;padding-left: 16% !important;}&#8221; offset=&#8221;vc_col-lg-6 vc_col-md-6&#8243;][vc_column_text]<\/p>\n<h1 style=\"text-align: center;\">Unsere Geschichte<\/h1>\n<h5 class=\"p1\" style=\"text-align: center;\"><\/h5>\n<p>[\/vc_column_text][vc_separator][vc_row_inner css=&#8221;.vc_custom_1443414812412{margin-top: 45px !important;margin-bottom: 25px !important;}&#8221;][vc_column_inner][vc_column_text]<\/p>\n<div class=\"cont1\">\n<p>AZEZANA fertigt in liebevoller Handarbeit Textilien aus Seide und Kaschmir von au\u00dfergew\u00f6hnlicher Sch\u00f6nheit und f\u00fchrt so eine jahrhundertealte afghanische Tradition fort.<\/p>\n<p>AZEZANA besch\u00e4ftigt afghanische Witwen, Waisen und notleidende Frauen und verhilft ihnen durch Erlernen und Praktizieren der Seidenweberei bei einem der letzten Meister dieser Kunst zu einem Leben in wirtschaftlicher Unabh\u00e4ngigkeit und W\u00fcrde.<\/p>\n<p>Entdecken Sie unsere Leidenschaft f\u00fcr ein Kunsthandwerk, das mit besonderen Designs eine alte Tradition zu neuem Leben erweckt.<\/p>\n<\/div>\n<p>[\/vc_column_text][\/vc_column_inner][\/vc_row_inner][vc_separator][\/vc_column][\/vc_row][vc_row el_class=&#8221;aze_page_grid aze_page_grid&#8211;two&#8221;][vc_column][vc_basic_grid post_type=&#8221;ids&#8221; element_width=&#8221;6&#8243; item=&#8221;364&#8243; initial_loading_animation=&#8221;none&#8221; grid_id=&#8221;vc_gid:1689866301741-94ebb479-1461-8&#8243; include=&#8221;19, 23, 25, 21&#8243;][\/vc_column][\/vc_row][vc_row el_class=&#8221;aze_employee_grid&#8221;][vc_column][vc_column_text]<\/p>\n<h2 style=\"text-align: center;\">Unsere Mitarbeiterinnen<\/h2>\n<p style=\"text-align: center;\">AZEZANA will dazu beitragen ein Band zwischen Afghanistan und anderen L\u00e4ndern zu kn\u00fcpfen und zu st\u00e4rken. Wir wollen Interesse am allt\u00e4glichen Leben in Afghanistan, den Traditionen und Sch\u00f6nheiten des Landes wecken. Hiermit m\u00f6chten wir sie ermutigen Fragen an uns heranzutragen, oder Gedanken und Anregungen mit uns und unseren Mitarbeiterinnen zu teilen.<\/p>\n<p>[\/vc_column_text][vc_basic_grid post_type=&#8221;azezana_employees&#8221; max_items=&#8221;-1&#8243; element_width=&#8221;3&#8243; gap=&#8221;25&#8243; orderby=&#8221;title&#8221; order=&#8221;ASC&#8221; item=&#8221;410&#8243; grid_id=&#8221;vc_gid:1689866301747-d8786620-18c4-6&#8243;][\/vc_column][\/vc_row][vc_row el_class=&#8221;aze_image_and_text&#8221;][vc_column width=&#8221;1\/3&#8243;][vc_single_image image=&#8221;877&#8243; img_size=&#8221;medium&#8221; alignment=&#8221;center&#8221; style=&#8221;vc_box_border&#8221; el_class=&#8221;aze_image aze_image&#8211;border&#8221;][\/vc_column][vc_column width=&#8221;2\/3&#8243;][vc_column_text]<\/p>\n<h2 class=\"p1\">\u00dcber AZEZANA<\/h2>\n<p class=\"p1\">AZEZANA wurde mit der Vision gegr\u00fcndet, die afghanische Seidenindustrie wiederzubeleben und einem besonders notleidenden Bev\u00f6lkerungsteil eine Existenzgrundlage zu schaffen.<\/p>\n<p>AZEZANA ist ein soziales Unternehmen. Wir haben uns zum Ziel gesetzt unseren Kunden ein einzigartiges und \u00f6kologisches Produkt h\u00f6chster Qualit\u00e4t anzubieten und gleichzeitig ein Maximum an Unternehmensverantwortung wahrzunehmen.<\/p>\n<p>Wir streben danach den bed\u00fcrftigsten unter den Afghanen zu Arbeit, Bildung und Gesundheit zu verhelfen. Indem wir unser ganzheitliches Konzept auf ein tragf\u00e4higes wirtschaftliches Fundament gr\u00fcnden, gew\u00e4hrleisten wir unseren Mitarbeiterinnen eine langfristige Perspektive und bessere Zukunft.[\/vc_column_text][vc_btn title=&#8221;Unterst\u00fctzen Sie uns&#8221; style=&#8221;outline&#8221; shape=&#8221;square&#8221; color=&#8221;black&#8221; el_class=&#8221;aze_button&#8211;open&#8221; link=&#8221;url:https%3A%2F%2Fazezana.net%2Fde%2Funterstuetzen%2F|||&#8221;][\/vc_column][\/vc_row]<\/p>\n","protected":false},"excerpt":{"rendered":"<p>[vc_row full_height=&#8221;yes&#8221; columns_placement=&#8221;stretch&#8221; equal_height=&#8221;yes&#8221; content_placement=&#8221;middle&#8221; columns_height=&#8221;adjust_cols_height&#8221; background_style=&#8221;normal&#8221; el_class=&#8221;aze_split_header&#8221;][vc_column css=&#8221;.vc_custom_1537436540605{background-image: url(https:\/\/azezana.net\/wp-content\/uploads\/sites\/3\/2018\/09\/OurStory_1000x1500_Pic01.jpg?id=666) !important;background-position: center !important;background-repeat: no-repeat !important;background-size: cover !important;}&#8221; offset=&#8221;vc_col-lg-6 vc_col-md-6&#8243;][vc_empty_space height=&#8221;350px&#8221;][\/vc_column][vc_column css=&#8221;.vc_custom_1484433918406{padding-top: 150px !important;padding-right: 16% !important;padding-bottom: 150px !important;padding-left: 16% !important;}&#8221; offset=&#8221;vc_col-lg-6 vc_col-md-6&#8243;][vc_column_text] Unsere Geschichte [\/vc_column_text][vc_separator][vc_row_inner css=&#8221;.vc_custom_1443414812412{margin-top: 45px !important;margin-bottom: 25px !important;}&#8221;][vc_column_inner][vc_column_text] AZEZANA fertigt in liebevoller Handarbeit Textilien aus Seide und Kaschmir von au\u00dfergew\u00f6hnlicher Sch\u00f6nheit und f\u00fchrt so [&hellip;]<\/p>\n","protected":false},"author":4,"featured_media":0,"parent":0,"menu_order":90,"comment_status":"closed","ping_status":"closed","template":"page-full-width.php","meta":[],"_links":{"self":[{"href":"https:\/\/azezana.net\/de\/wp-json\/wp\/v2\/pages\/15"}],"collection":[{"href":"https:\/\/azezana.net\/de\/wp-json\/wp\/v2\/pages"}],"about":[{"href":"https:\/\/azezana.net\/de\/wp-json\/wp\/v2\/types\/page"}],"author":[{"embeddable":true,"href":"https:\/\/azezana.net\/de\/wp-json\/wp\/v2\/users\/4"}],"replies":[{"embeddable":true,"href":"https:\/\/azezana.net\/de\/wp-json\/wp\/v2\/comments?post=15"}],"version-history":[{"count":12,"href":"https:\/\/azezana.net\/de\/wp-json\/wp\/v2\/pages\/15\/revisions"}],"predecessor-version":[{"id":2601,"href":"https:\/\/azezana.net\/de\/wp-json\/wp\/v2\/pages\/15\/revisions\/2601"}],"wp:attachment":[{"href":"https:\/\/azezana.net\/de\/wp-json\/wp\/v2\/media?parent=15"}],"curies":[{"name":"wp","href":"https:\/\/api.w.org\/{rel}","templated":true}]}}