{"id":17,"date":"2018-07-16T09:08:24","date_gmt":"2018-07-16T09:08:24","guid":{"rendered":"https:\/\/stage.azezana.net\/?page_id=17"},"modified":"2023-11-12T20:31:43","modified_gmt":"2023-11-12T19:31:43","slug":"kontakt","status":"publish","type":"page","link":"https:\/\/azezana.net\/de\/kontakt\/","title":{"rendered":"Kontakt"},"content":{"rendered":"<h2><b style=\"font-size: 16px;\">Adresse<\/b><\/h2>\n<div id=\"Text24305653\" class=\"InlineEditor\">AZEZANA Distribution Europe UG (haftungsbeschr\u00e4nkt)<br \/>\nDreimuehlenstr. 23<br \/>\n80469 MuenchenTel. +49-89 20205786<br \/>\nEmail: shop@azezana.net<\/div>\n<div class=\"InlineEditor\"><strong>AZEZANA &#8211; Hauptsitz und Produktion <\/strong><br \/>\nTaimani Street<br \/>\nKabul, Kabul Province<br \/>\nAfghanistan.<\/div>\n<div class=\"InlineEditor\">Alle Angaben werden selbstverst\u00e4ndlich vertraulich behandelt. Wir nutzen die Daten ausschlie\u00dflich zur Bearbeitung Ihrer Anfrage. Eine Weitergabe an Dritte erfolgt nicht. Im \u00dcbrigen gilt unsere <a href=\"https:\/\/azezana.net\/de\/terms-and-conditions\/\"><u>Datenschutzerkl\u00e4rung<\/u><\/a>.<\/div>\n<h2>Kontaktformular<\/h2>\n<form id=\"torro-form-206\" class=\"torro-form\" action=\"https:\/\/azezana.net\/de\/wp-json\/wp\/v2\/pages\/17\" method=\"post\" enctype=\"multipart\/form-data\" novalidate>\n\t\t\t\n\t<p><span aria-hidden=\"true\">Erforderliche Felder sind wie folgt markiert <span class=\"torro-required-indicator\">*<\/span>.<\/span><\/p>\n\n\n\t<div id=\"torro-element-1-wrap\" class=\"torro-element-wrap\">\n\t\n\t<label id=\"torro-element-1-label\" class=\"torro-element-label\" for=\"torro-element-1\">\n\t\tName\t\t<span class=\"screen-reader-text\">(erforderlich)<\/span><span class=\"torro-required-indicator\" aria-hidden=\"true\">*<\/span>\t<\/label>\n\n\t<div>\n\t\t\n\t\t<input id=\"torro-element-1\" name=\"torro_submission[values][1][_main]\" class=\"torro-element-input\" type=\"text\" aria-required=\"true\" required value=\"\">\n\n\t\t\t<\/div>\n\n\t<\/div>\n\t<div id=\"torro-element-2-wrap\" class=\"torro-element-wrap\">\n\t\n\t<label id=\"torro-element-2-label\" class=\"torro-element-label\" for=\"torro-element-2\">\n\t\tAdresse\t\t\t<\/label>\n\n\t<div>\n\t\t\n\t\t<input id=\"torro-element-2\" name=\"torro_submission[values][2][_main]\" class=\"torro-element-input\" type=\"text\" value=\"\">\n\n\t\t\t<\/div>\n\n\t<\/div>\n\t<div id=\"torro-element-3-wrap\" class=\"torro-element-wrap\">\n\t\n\t<label id=\"torro-element-3-label\" class=\"torro-element-label\" for=\"torro-element-3\">\n\t\tTelefon\t\t\t<\/label>\n\n\t<div>\n\t\t\n\t\t<input id=\"torro-element-3\" name=\"torro_submission[values][3][_main]\" class=\"torro-element-input\" type=\"tel\" value=\"\">\n\n\t\t\t<\/div>\n\n\t<\/div>\n\t<div id=\"torro-element-4-wrap\" class=\"torro-element-wrap\">\n\t\n\t<label id=\"torro-element-4-label\" class=\"torro-element-label\" for=\"torro-element-4\">\n\t\tE-Mail\t\t<span class=\"screen-reader-text\">(erforderlich)<\/span><span class=\"torro-required-indicator\" aria-hidden=\"true\">*<\/span>\t<\/label>\n\n\t<div>\n\t\t\n\t\t<input id=\"torro-element-4\" name=\"torro_submission[values][4][_main]\" class=\"torro-element-input\" type=\"email\" aria-required=\"true\" required value=\"\">\n\n\t\t\t<\/div>\n\n\t<\/div>\n\t<div id=\"torro-element-5-wrap\" class=\"torro-element-wrap\">\n\t\n\t<label id=\"torro-element-5-label\" class=\"torro-element-label\" for=\"torro-element-5\">\n\t\tIhr Anliegen\t\t<span class=\"screen-reader-text\">(erforderlich)<\/span><span class=\"torro-required-indicator\" aria-hidden=\"true\">*<\/span>\t<\/label>\n\n\t<div>\n\t\t\n\t\t<input id=\"torro-element-5\" name=\"torro_submission[values][5][_main]\" class=\"torro-element-input\" type=\"text\" placeholder=\"Kontaktgrund\" aria-required=\"true\" required value=\"\">\n\n\t\t\t<\/div>\n\n\t<\/div>\n\t<div id=\"torro-element-6-wrap\" class=\"torro-element-wrap\">\n\t\n\t<label id=\"torro-element-6-label\" class=\"torro-element-label\" for=\"torro-element-6\">\n\t\tIhre Nachricht an AZEZANA\t\t<span class=\"screen-reader-text\">(erforderlich)<\/span><span class=\"torro-required-indicator\" aria-hidden=\"true\">*<\/span>\t<\/label>\n\n\t<div>\n\t\t\n\t\t<textarea id=\"torro-element-6\" name=\"torro_submission[values][6][_main]\" class=\"torro-element-input\" rows=\"10\" cols=\"75\" placeholder=\"Please leave some details\" aria-required=\"true\" required><\/textarea>\n\n\t\t\t<\/div>\n\n\t<\/div>\n\t<div id=\"torro-element-7-wrap\" class=\"torro-element-wrap\">\n\t\n\t<label id=\"torro-element-7-label\" class=\"torro-element-label\" for=\"torro-element-7\">\n\t\tDateianh\u00e4nge\t\t\t<\/label>\n\n\t<div>\n\t\t\n\t\t<input type=\"file\" id=\"torro-element-7\" name=\"torro_media_upload_7__main\" class=\"torro-element-input\">\n\n\t\t<input type=\"hidden\" name=\"torro_submission[values][7][_main]\" value=\"0\">\n\n\t\t\n\t\t\t<\/div>\n\n\t<\/div>\n\n\t\n\t\t\t<div id=\"torro-email-wrap\" class=\"torro-element-wrap\">\n\t\n\t<label id=\"torro-email-label\" class=\"torro-element-label\" for=\"torro-email\">\n\t\tIf you are a human, do not fill in this field.\t\t\t<\/label>\n\n\t<div>\n\t\t\n\t\t<input type=\"text\" id=\"torro-email\" name=\"email\" class=\"torro-element-input\">\n\n\t\t\t<\/div>\n\n\t<\/div>\n\t\t<input type=\"hidden\" id=\"torro-timestamp\" name=\"timestamp\" value=\"1777562204\">\n\t\t\t\n\t<div class=\"torro-pager\">\n\t\t\n\t\t\t\t\t<div class=\"next\">\n\t\t\t\t<button type=\"submit\" name=\"torro_submission[action]\" value=\"submit\" class=\"torro-button torro-button-primary\">Abschicken<\/button>\n\t\t\t<\/div>\n\t\t\t<\/div>\n\n\t\n\t<input type=\"hidden\" name=\"torro_submission[nonce]\" value=\"fee2d2756d\"><input type=\"hidden\" name=\"torro_submission[form_id]\" value=\"206\"><\/form>\n\n","protected":false},"excerpt":{"rendered":"<p>Adresse AZEZANA Distribution Europe UG (haftungsbeschr\u00e4nkt) Dreimuehlenstr. 23 80469 MuenchenTel. +49-89 20205786 Email: shop@azezana.net AZEZANA &#8211; Hauptsitz und Produktion Taimani Street Kabul, Kabul Province Afghanistan. Alle Angaben werden selbstverst\u00e4ndlich vertraulich behandelt. Wir nutzen die Daten ausschlie\u00dflich zur Bearbeitung Ihrer Anfrage. Eine Weitergabe an Dritte erfolgt nicht. Im \u00dcbrigen gilt unsere Datenschutzerkl\u00e4rung. Kontaktformular<\/p>\n","protected":false},"author":4,"featured_media":0,"parent":0,"menu_order":100,"comment_status":"closed","ping_status":"closed","template":"","meta":[],"_links":{"self":[{"href":"https:\/\/azezana.net\/de\/wp-json\/wp\/v2\/pages\/17"}],"collection":[{"href":"https:\/\/azezana.net\/de\/wp-json\/wp\/v2\/pages"}],"about":[{"href":"https:\/\/azezana.net\/de\/wp-json\/wp\/v2\/types\/page"}],"author":[{"embeddable":true,"href":"https:\/\/azezana.net\/de\/wp-json\/wp\/v2\/users\/4"}],"replies":[{"embeddable":true,"href":"https:\/\/azezana.net\/de\/wp-json\/wp\/v2\/comments?post=17"}],"version-history":[{"count":11,"href":"https:\/\/azezana.net\/de\/wp-json\/wp\/v2\/pages\/17\/revisions"}],"predecessor-version":[{"id":2620,"href":"https:\/\/azezana.net\/de\/wp-json\/wp\/v2\/pages\/17\/revisions\/2620"}],"wp:attachment":[{"href":"https:\/\/azezana.net\/de\/wp-json\/wp\/v2\/media?parent=17"}],"curies":[{"name":"wp","href":"https:\/\/api.w.org\/{rel}","templated":true}]}}