{"id":19,"date":"2018-07-16T09:09:36","date_gmt":"2018-07-16T09:09:36","guid":{"rendered":"https:\/\/stage.azezana.net\/?page_id=19"},"modified":"2018-12-06T16:22:15","modified_gmt":"2018-12-06T15:22:15","slug":"frauenfoerderung-in-afghanistan","status":"publish","type":"page","link":"https:\/\/azezana.net\/de\/unsere-geschichte\/frauenfoerderung-in-afghanistan\/","title":{"rendered":"Frauenf\u00f6rderung in Afghanistan"},"content":{"rendered":"<p>[vc_row el_class=&#8221;aze_centered_header_and_intro&#8221;][vc_column][vc_column_text]<\/p>\n<p style=\"text-align: center;\">AZEZANA steht f\u00fcr \u201eArzoe Zane Afghan\u201d, aus dem Afghanischen \u00fcbersetzt \u201eDie Hoffnung afghanischer Frauen\u201d. Wir bieten Witwen, Waisen und notleidenden Frauen die M\u00f6glichkeit einer Berufsausbildung, um ihnen und ihren Kindern den Weg in ein selbst bestimmtes Leben zu ebnen.<\/p>\n<p>[\/vc_column_text][\/vc_column][\/vc_row][vc_row][vc_column][vc_single_image image=&#8221;674&#8243; img_size=&#8221;large&#8221; alignment=&#8221;center&#8221;][vc_column_text]<\/p>\n<p style=\"text-align: center;\">Afghanistan leben etwa eine Million Kriegswitwen und \u00fcber 1,5 Millionen Kinder, die in den jahrzehntelangen K\u00e4mpfen einen oder gar beide Elternteile verloren haben. Gerade sie sehen sich in der afghanischen Gesellschaft vielf\u00e4ltigen Diskriminierungen ausgesetzt und leben meist unter \u00e4rmlichsten Verh\u00e4ltnissen.<\/p>\n<p>[\/vc_column_text][\/vc_column][\/vc_row][vc_row][vc_column][vc_single_image image=&#8221;675&#8243; img_size=&#8221;large&#8221; alignment=&#8221;center&#8221;][\/vc_column][\/vc_row][vc_row el_class=&#8221;aze_pull_quote&#8221;][vc_column css=&#8221;.vc_custom_1537451147404{background-image: url(https:\/\/azezana.net\/wp-content\/uploads\/sites\/3\/2018\/09\/quotes.png?id=742) !important;background-position: center !important;background-repeat: no-repeat !important;background-size: contain !important;}&#8221;][vc_column_text]<\/p>\n<blockquote><p>Freunde und Familienangeh\u00f6rige haben mir stets versichert, dass ich diese anstrengende Arbeit nicht verrichten kann, denn dies sei &#8220;M\u00e4nnerarbeit&#8221;. Umso mehr freut es mich, dass ich es allen Widrigkeiten zum Trotz geschafft habe. Jeder hergestellte Schal erf\u00fcllt mich mit Stolz.<\/p>\n<footer><strong>Nouria, AZEZANA Mitarbeiterin seit 2004<\/strong><\/footer>\n<\/blockquote>\n<p>[\/vc_column_text][\/vc_column][\/vc_row][vc_row][vc_column][vc_single_image image=&#8221;676&#8243; img_size=&#8221;large&#8221; alignment=&#8221;center&#8221;][vc_column_text]<\/p>\n<p style=\"text-align: center;\">AZEZANA verhilft diesen Frauen durch das Erlernen der Seiden- und Kaschmirweberei zu einem geregelten Einkommen. Dar\u00fcber hinaus bietet AZEZANA seinen Mitarbeiterinnen getreu dem Prinzip der ganzheitlichen F\u00f6rderung eine schulische Ausbildung und gew\u00e4hrleistet Ihre medizinische Versorgung.<\/p>\n<p>[\/vc_column_text][\/vc_column][\/vc_row]<\/p>\n","protected":false},"excerpt":{"rendered":"<p>AZEZANA steht f\u00fcr \u201eArzoe Zane Afghan\u201d, aus dem Afghanischen \u00fcbersetzt \u201eDie Hoffnung afghanischer Frauen\u201d. Wir bieten Witwen, Waisen und notleidenden Frauen die M\u00f6glichkeit einer Berufsausbildung, um ihnen und ihren Kindern den Weg in ein selbst bestimmtes Leben zu ebnen.<\/p>\n","protected":false},"author":0,"featured_media":667,"parent":15,"menu_order":10,"comment_status":"closed","ping_status":"closed","template":"page-full-width-header-boxed-content.php","meta":[],"_links":{"self":[{"href":"https:\/\/azezana.net\/de\/wp-json\/wp\/v2\/pages\/19"}],"collection":[{"href":"https:\/\/azezana.net\/de\/wp-json\/wp\/v2\/pages"}],"about":[{"href":"https:\/\/azezana.net\/de\/wp-json\/wp\/v2\/types\/page"}],"replies":[{"embeddable":true,"href":"https:\/\/azezana.net\/de\/wp-json\/wp\/v2\/comments?post=19"}],"version-history":[{"count":37,"href":"https:\/\/azezana.net\/de\/wp-json\/wp\/v2\/pages\/19\/revisions"}],"predecessor-version":[{"id":1974,"href":"https:\/\/azezana.net\/de\/wp-json\/wp\/v2\/pages\/19\/revisions\/1974"}],"up":[{"embeddable":true,"href":"https:\/\/azezana.net\/de\/wp-json\/wp\/v2\/pages\/15"}],"wp:featuredmedia":[{"embeddable":true,"href":"https:\/\/azezana.net\/de\/wp-json\/wp\/v2\/media\/667"}],"wp:attachment":[{"href":"https:\/\/azezana.net\/de\/wp-json\/wp\/v2\/media?parent=19"}],"curies":[{"name":"wp","href":"https:\/\/api.w.org\/{rel}","templated":true}]}}