{"id":21,"date":"2018-07-16T09:09:59","date_gmt":"2018-07-16T09:09:59","guid":{"rendered":"https:\/\/stage.azezana.net\/?page_id=21"},"modified":"2018-12-06T16:14:20","modified_gmt":"2018-12-06T15:14:20","slug":"traditionserhalt","status":"publish","type":"page","link":"https:\/\/azezana.net\/de\/unsere-geschichte\/traditionserhalt\/","title":{"rendered":"Traditionserhalt"},"content":{"rendered":"<p>[vc_row full_height=&#8221;yes&#8221; columns_placement=&#8221;stretch&#8221; equal_height=&#8221;yes&#8221; content_placement=&#8221;middle&#8221; columns_height=&#8221;adjust_cols_height&#8221; background_style=&#8221;normal&#8221; el_class=&#8221;aze_split_header&#8221;][vc_column css=&#8221;.vc_custom_1544109259606{background-image: url(https:\/\/azezana.net\/de\/wp-content\/uploads\/sites\/3\/2018\/09\/RT_03.jpg?id=450) !important;background-position: center !important;background-repeat: no-repeat !important;background-size: cover !important;}&#8221; offset=&#8221;vc_col-lg-6 vc_col-md-6&#8243;][vc_empty_space height=&#8221;350px&#8221;][\/vc_column][vc_column css=&#8221;.vc_custom_1484433918406{padding-top: 150px !important;padding-right: 16% !important;padding-bottom: 150px !important;padding-left: 16% !important;}&#8221; offset=&#8221;vc_col-lg-6 vc_col-md-6&#8243;][vc_column_text]<\/p>\n<h1 style=\"text-align: center;\">Traditionserhalt<\/h1>\n<p>[\/vc_column_text][vc_separator][vc_row_inner css=&#8221;.vc_custom_1443414812412{margin-top: 45px !important;margin-bottom: 25px !important;}&#8221;][vc_column_inner][vc_column_text]AZEZANA belebt afghanische Seidenweberei neu. Dieses traditionsreiche Kunsthandwerk war durch die anhaltenden Kriegswirren nahezu verschwunden.<\/p>\n<p>\u00dcber Jahrhunderte war Afghanistan ber\u00fchmt f\u00fcr seine pr\u00e4chtigen und reich verzierten T\u00fccher. Die Region um Herat in Afghanistan, an der alten Seidenstrasse gelegen, war ein bedeutender Umschlagsplatz f\u00fcr Seide und ein Zentrum der Verarbeitung dieses kostbaren Stoffes.<\/p>\n<p>Viele Frauen und M\u00e4nner, welche die Seidenwebkunst beherrschten, mussten in den Jahren des Krieges ihr Land verlassen oder Ihren Beruf aufgeben. Heute ist es Familien wegen mangelnder Nachfrage nicht m\u00f6glich, mit diesem Handwerk ein geregeltes Einkommen zu erzielen.<\/p>\n<p>AZEZANA l\u00e4sst eine althergebrachte afghanische Tradition wieder aufleben. Das uralte Fachwissen wird unter dem Dach von AZEZANA vom Meister an die Lehrlinge weitergegeben, wie es seit Generationen Brauch war.[\/vc_column_text][\/vc_column_inner][\/vc_row_inner][vc_separator][\/vc_column][\/vc_row]<\/p>\n","protected":false},"excerpt":{"rendered":"<p>AZEZANA belebt afghanische Seidenweberei neu. Dieses traditionsreiche Kunsthandwerk war durch die anhaltenden Kriegswirren nahezu verschwunden. \u00dcber Jahrhunderte war Afghanistan ber\u00fchmt f\u00fcr seine pr\u00e4chtigen und reich verzierten T\u00fccher. Die Region um Herat in Afghanistan, an der alten Seidenstra\u00dfe gelegen, war ein bedeutender Umschlagsplatz f\u00fcr Seide und ein Zentrum der Verarbeitung dieses kostbaren Stoffes.<\/p>\n","protected":false},"author":0,"featured_media":450,"parent":15,"menu_order":20,"comment_status":"closed","ping_status":"closed","template":"page-full-width-no-header-image.php","meta":[],"_links":{"self":[{"href":"https:\/\/azezana.net\/de\/wp-json\/wp\/v2\/pages\/21"}],"collection":[{"href":"https:\/\/azezana.net\/de\/wp-json\/wp\/v2\/pages"}],"about":[{"href":"https:\/\/azezana.net\/de\/wp-json\/wp\/v2\/types\/page"}],"replies":[{"embeddable":true,"href":"https:\/\/azezana.net\/de\/wp-json\/wp\/v2\/comments?post=21"}],"version-history":[{"count":21,"href":"https:\/\/azezana.net\/de\/wp-json\/wp\/v2\/pages\/21\/revisions"}],"predecessor-version":[{"id":1973,"href":"https:\/\/azezana.net\/de\/wp-json\/wp\/v2\/pages\/21\/revisions\/1973"}],"up":[{"embeddable":true,"href":"https:\/\/azezana.net\/de\/wp-json\/wp\/v2\/pages\/15"}],"wp:featuredmedia":[{"embeddable":true,"href":"https:\/\/azezana.net\/de\/wp-json\/wp\/v2\/media\/450"}],"wp:attachment":[{"href":"https:\/\/azezana.net\/de\/wp-json\/wp\/v2\/media?parent=21"}],"curies":[{"name":"wp","href":"https:\/\/api.w.org\/{rel}","templated":true}]}}