{"id":23,"date":"2018-07-16T09:10:19","date_gmt":"2018-07-16T09:10:19","guid":{"rendered":"https:\/\/stage.azezana.net\/?page_id=23"},"modified":"2018-11-27T18:22:25","modified_gmt":"2018-11-27T17:22:25","slug":"produktphilosophie","status":"publish","type":"page","link":"https:\/\/azezana.net\/de\/unsere-geschichte\/produktphilosophie\/","title":{"rendered":"Produktphilosophie"},"content":{"rendered":"<p>[vc_row full_height=&#8221;yes&#8221; columns_placement=&#8221;stretch&#8221; equal_height=&#8221;yes&#8221; content_placement=&#8221;middle&#8221; columns_height=&#8221;adjust_cols_height&#8221; background_style=&#8221;normal&#8221; el_class=&#8221;aze_split_header&#8221;][vc_column css=&#8221;.vc_custom_1537445155634{background-image: url(https:\/\/azezana.net\/wp-content\/uploads\/sites\/3\/2018\/09\/OurStory_800x600_ProductPhilosophy.jpg?id=663) !important;background-position: center !important;background-repeat: no-repeat !important;background-size: cover !important;}&#8221; offset=&#8221;vc_col-lg-6 vc_col-md-6&#8243;][vc_empty_space height=&#8221;350px&#8221;][\/vc_column][vc_column css=&#8221;.vc_custom_1484433918406{padding-top: 150px !important;padding-right: 16% !important;padding-bottom: 150px !important;padding-left: 16% !important;}&#8221; offset=&#8221;vc_col-lg-6 vc_col-md-6&#8243;][vc_column_text]<\/p>\n<h1 style=\"text-align: center;\">Produktphilosophie<\/h1>\n<p>[\/vc_column_text][vc_separator][vc_row_inner css=&#8221;.vc_custom_1443414812412{margin-top: 45px !important;margin-bottom: 25px !important;}&#8221;][vc_column_inner][vc_column_text]AZEZANA fertigt Schals von besonderer Eleganz her. Dabei greift AZEZANA ausschlie\u00dflich auf umweltschonende und nat\u00fcrliche Herstellungsverfahren zur\u00fcck. Angefangen bei der Rohseidenherstellung \u00fcber das F\u00e4rben und Weben.<\/p>\n<p>AZEZANA Seidenschals werden ausschlie\u00dflich von Hand gewebt, um unseren hohen Anspr\u00fcchen bez\u00fcglich makelloser Qualit\u00e4t gerecht zu werden.<\/p>\n<p>Wer einen AZEZANA Seidenschal tr\u00e4gt, kleidet sich in ein St\u00fcck lebendiger Tradition von zeitloser Sch\u00f6nheit.[\/vc_column_text][\/vc_column_inner][\/vc_row_inner][vc_separator][\/vc_column][\/vc_row]<\/p>\n","protected":false},"excerpt":{"rendered":"<p>AZEZANA fertigt Schals von besonderer Eleganz her. Dabei greift AZEZANA ausschlie\u00dflich auf umweltschonende und nat\u00fcrliche Herstellungsverfahren zur\u00fcck. Angefangen bei der Herstellung von Rohseide und Roh-Kaschmir \u00fcber das F\u00e4rben und Weben. AZEZANA Seidenschals werden ausschlie\u00dflich von Hand gewebt, um unseren hohen Anspr\u00fcchen bez\u00fcglich makelloser Qualit\u00e4t gerecht zu werden.<\/p>\n","protected":false},"author":0,"featured_media":663,"parent":15,"menu_order":30,"comment_status":"closed","ping_status":"closed","template":"page-full-width-no-header-image.php","meta":[],"_links":{"self":[{"href":"https:\/\/azezana.net\/de\/wp-json\/wp\/v2\/pages\/23"}],"collection":[{"href":"https:\/\/azezana.net\/de\/wp-json\/wp\/v2\/pages"}],"about":[{"href":"https:\/\/azezana.net\/de\/wp-json\/wp\/v2\/types\/page"}],"replies":[{"embeddable":true,"href":"https:\/\/azezana.net\/de\/wp-json\/wp\/v2\/comments?post=23"}],"version-history":[{"count":16,"href":"https:\/\/azezana.net\/de\/wp-json\/wp\/v2\/pages\/23\/revisions"}],"predecessor-version":[{"id":1914,"href":"https:\/\/azezana.net\/de\/wp-json\/wp\/v2\/pages\/23\/revisions\/1914"}],"up":[{"embeddable":true,"href":"https:\/\/azezana.net\/de\/wp-json\/wp\/v2\/pages\/15"}],"wp:featuredmedia":[{"embeddable":true,"href":"https:\/\/azezana.net\/de\/wp-json\/wp\/v2\/media\/663"}],"wp:attachment":[{"href":"https:\/\/azezana.net\/de\/wp-json\/wp\/v2\/media?parent=23"}],"curies":[{"name":"wp","href":"https:\/\/api.w.org\/{rel}","templated":true}]}}