{"id":25,"date":"2018-07-16T09:10:37","date_gmt":"2018-07-16T09:10:37","guid":{"rendered":"https:\/\/stage.azezana.net\/?page_id=25"},"modified":"2018-12-06T16:43:52","modified_gmt":"2018-12-06T15:43:52","slug":"wiederaufbau-afghanistans","status":"publish","type":"page","link":"https:\/\/azezana.net\/de\/unsere-geschichte\/wiederaufbau-afghanistans\/","title":{"rendered":"Wiederaufbau Afghanistan"},"content":{"rendered":"<p>[vc_row full_height=&#8221;yes&#8221; columns_placement=&#8221;stretch&#8221; equal_height=&#8221;yes&#8221; content_placement=&#8221;middle&#8221; columns_height=&#8221;adjust_cols_height&#8221; background_style=&#8221;normal&#8221; el_class=&#8221;aze_split_header&#8221;][vc_column css=&#8221;.vc_custom_1537360968471{background-image: url(https:\/\/azezana.net\/wp-content\/uploads\/sites\/3\/2018\/09\/RA_02.jpg?id=444) !important;background-position: center !important;background-repeat: no-repeat !important;background-size: cover !important;}&#8221; offset=&#8221;vc_col-lg-6 vc_col-md-6&#8243;][vc_empty_space height=&#8221;350px&#8221;][\/vc_column][vc_column css=&#8221;.vc_custom_1484433918406{padding-top: 150px !important;padding-right: 16% !important;padding-bottom: 150px !important;padding-left: 16% !important;}&#8221; offset=&#8221;vc_col-lg-6 vc_col-md-6&#8243;][vc_column_text]<\/p>\n<h1 style=\"text-align: center;\">Wiederaufbau Afghanistan<\/h1>\n<p>[\/vc_column_text][vc_separator][vc_row_inner css=&#8221;.vc_custom_1443414812412{margin-top: 45px !important;margin-bottom: 25px !important;}&#8221;][vc_column_inner][vc_column_text]Afghanistan geh\u00f6rt zu den \u00e4rmsten L\u00e4ndern der Welt und aus diesem Grunde sieht sich AZEZANA verpflichtet den Wiederaufbau Afghanistans zu unterst\u00fctzen. Wir tun dies auf pragmatische Weise: AZEZANA wird ausschlie\u00dflich von Afghanen gef\u00fchrt und betrieben, alle Rohstoffe und Anlagen, von der Rohseide bis zum Webstuhl, werden ausschlie\u00dflich in Afghanistan hergestellt.<\/p>\n<p>Der Kauf eines AZEZANA Schals unterst\u00fctzt somit nicht nur mittelbar unsere Mitarbeiterinnen, sondern auch lokale Seidenbauern, Tischler oder H\u00e4ndler.<\/p>\n<p>Sie leisten somit durch den Erwerb eines AZEZANA Seidenschals einen nachhaltigen Beitrag zum Wiederaufbau Afghanistans.[\/vc_column_text][\/vc_column_inner][\/vc_row_inner][vc_separator][\/vc_column][\/vc_row]<\/p>\n","protected":false},"excerpt":{"rendered":"<p>Afghanistan geh\u00f6rt zu den \u00e4rmsten L\u00e4ndern der Welt und aus diesem Grunde sieht sich AZEZANA verpflichtet den Wiederaufbau Afghanistans zu unterst\u00fctzen. Wir tun dies auf pragmatische Weise: AZEZANA wird ausschlie\u00dflich von Afghanen gef\u00fchrt und betrieben, alle Rohstoffe und Anlagen, von der Rohseide bis zum Webstuhl, werden ausschlie\u00dflich in Afghanistan hergestellt.<\/p>\n","protected":false},"author":0,"featured_media":444,"parent":15,"menu_order":40,"comment_status":"closed","ping_status":"closed","template":"page-full-width-no-header-image.php","meta":[],"_links":{"self":[{"href":"https:\/\/azezana.net\/de\/wp-json\/wp\/v2\/pages\/25"}],"collection":[{"href":"https:\/\/azezana.net\/de\/wp-json\/wp\/v2\/pages"}],"about":[{"href":"https:\/\/azezana.net\/de\/wp-json\/wp\/v2\/types\/page"}],"replies":[{"embeddable":true,"href":"https:\/\/azezana.net\/de\/wp-json\/wp\/v2\/comments?post=25"}],"version-history":[{"count":12,"href":"https:\/\/azezana.net\/de\/wp-json\/wp\/v2\/pages\/25\/revisions"}],"predecessor-version":[{"id":1976,"href":"https:\/\/azezana.net\/de\/wp-json\/wp\/v2\/pages\/25\/revisions\/1976"}],"up":[{"embeddable":true,"href":"https:\/\/azezana.net\/de\/wp-json\/wp\/v2\/pages\/15"}],"wp:featuredmedia":[{"embeddable":true,"href":"https:\/\/azezana.net\/de\/wp-json\/wp\/v2\/media\/444"}],"wp:attachment":[{"href":"https:\/\/azezana.net\/de\/wp-json\/wp\/v2\/media?parent=25"}],"curies":[{"name":"wp","href":"https:\/\/api.w.org\/{rel}","templated":true}]}}