{"id":3,"date":"2018-07-16T08:14:26","date_gmt":"2018-07-16T08:14:26","guid":{"rendered":"http:\/\/stage.azezana.net\/?page_id=3"},"modified":"2023-11-12T20:28:22","modified_gmt":"2023-11-12T19:28:22","slug":"impressum","status":"publish","type":"page","link":"https:\/\/azezana.net\/de\/impressum\/","title":{"rendered":"Impressum"},"content":{"rendered":"<p><strong>Adresse<\/strong><\/p>\n<p><strong>AZEZANA SHOP (www.azezana.net\/shop)<\/strong><br \/>\nAZEZANA Distribution Europe UG (haftungsbeschr\u00e4nkt)<br \/>\nGesch\u00e4ftsf\u00fchrung: Shaima Breshna<br \/>\nDreimuehlenstr. 23<br \/>\n80469 Muenchen<\/p>\n<p>Tel. +49-89 20205786<br \/>\nEmail: shop@azezana.net<br \/>\n&#8212;<br \/>\n<strong>AZEZANA HERSTELLUNG &amp; PRODUKTION<\/strong><br \/>\nAZEZANA Afghanistan<br \/>\nTaimani Street<br \/>\nKabul, Kabul Province<br \/>\nAfghanistan<br \/>\n&#8212;<br \/>\n<strong>BANKVERBINDUNG<br \/>\n<\/strong>Name: AZEZANA Distribution Europe UG\u00a0(haftungsbeschr\u00e4nkt)<br \/>\nBank: Commerzbank AG &#8211;\u00a0Promenadeplatz 7, 80333 Muenchen, Germany<br \/>\nBLZ:\u00a070040048<br \/>\nKontonummer:\u00a0798 763 900<br \/>\nIBAN:\u00a0DE33700400480798763900<br \/>\nBIC:\u00a0COBADEFFXXX<br \/>\n&#8212;<br \/>\n<strong>VERANTWORTLICH F\u00dcR DEN INHALT<\/strong><br \/>\nGesch\u00e4ftsf\u00fchrung: Shaima Breshna<br \/>\nRegisternummer: HRB 256668<br \/>\nAmtsgericht M\u00fcnchen<br \/>\nSteuernummer:<br \/>\nUST-ID-Nr.:<\/p>\n<div>&#8212;<\/div>\n<p><strong>UNTERST\u00dcTZUNG<\/strong><\/p>\n<p>AZEZANA erh\u00e4lt dankend Unterst\u00fctzung von der \u201eDirekthilfe f\u00fcr afghanische Witwen und Kinder in Afghanistan e.V.\u201c in Karlsruhe und m\u00f6chte sich bei s\u00e4mtlichen Mitgliedern f\u00fcr deren unerm\u00fcdliche Bem\u00fchungen bedanken.<\/p>\n<p>&nbsp;<\/p>\n<p>Alle Links auf externe Seiten wurden bei der Erstellung der Seite sorgf\u00e4ltig gepr\u00fcft. M\u00f6gliche Rechtsverst\u00f6\u00dfe waren zum Zeitpunkt der Verlinkung nicht erkennbar. Allerdings besteht kein Einfluss auf die Inhalte verlinkter Seiten, hierf\u00fcr ist der jeweilige Dienstanbieter verantwortlich. Sollten rechtswidrige Seiten \u00fcber die Hyperlinks abrufbar sein, bitten wir um eine Mitteilung an shop@azezana.net .<\/p>\n<p>Alle Angaben werden selbstverst\u00e4ndlich vertraulich behandelt. Wir nutzen die Daten ausschlie\u00dflich zur Bearbeitung Ihrer Anfrage. Eine Weitergabe an Dritte erfolgt nicht. Im \u00dcbrigen gilt unsere Datenschutzerkl\u00e4rung.<\/p>\n<p><strong>Bildnachweis<\/strong><\/p>\n<p>Die Bilder, die hier auf dieser Website Verwendung finden stammen von:<\/p>\n<ul>\n<li>AZEZANA und<\/li>\n<li>iStockphoto<\/li>\n<\/ul>\n<p>Liste iStockphoto:<\/p>\n<p><a href=\"https:\/\/azezana.net\/de\/unterstuetzen\/\">Unterst\u00fctzen<\/a> \u00a9 pixdeluxe, lechatnoir, SolStock \/ iStockphoto.com<\/p>\n<p><strong>Online-Streitbeilegung<\/strong><\/p>\n<p>Zur au\u00dfergerichtlichen Beilegung von verbraucherrechtlichen Streitigkeiten hat die Europ\u00e4ische Union eine Online-Plattform (\u201cOS-Plattform\u201d) eingerichtet. Die Plattform finden Sie unter http:\/\/ec.europa.eu\/consumers\/odr\/.<\/p>\n<p>Zur Teilnahme an einem Streitbeilegungsverfahren vor einer Verbraucherschlichtungsstelle sind wir nicht verpflichtet und grunds\u00e4tzlich nicht bereit.<\/p>\n","protected":false},"excerpt":{"rendered":"<p>Adresse AZEZANA SHOP (www.azezana.net\/shop) AZEZANA Distribution Europe UG (haftungsbeschr\u00e4nkt) Gesch\u00e4ftsf\u00fchrung: Shaima Breshna Dreimuehlenstr. 23 80469 Muenchen Tel. +49-89 20205786 Email: shop@azezana.net &#8212; AZEZANA HERSTELLUNG &amp; PRODUKTION AZEZANA Afghanistan Taimani Street Kabul, Kabul Province Afghanistan &#8212; BANKVERBINDUNG Name: AZEZANA Distribution Europe UG\u00a0(haftungsbeschr\u00e4nkt) Bank: Commerzbank AG &#8211;\u00a0Promenadeplatz 7, 80333 Muenchen, Germany BLZ:\u00a070040048 Kontonummer:\u00a0798 763 900 IBAN:\u00a0DE33700400480798763900 BIC:\u00a0COBADEFFXXX [&hellip;]<\/p>\n","protected":false},"author":4,"featured_media":0,"parent":0,"menu_order":120,"comment_status":"closed","ping_status":"open","template":"","meta":[],"_links":{"self":[{"href":"https:\/\/azezana.net\/de\/wp-json\/wp\/v2\/pages\/3"}],"collection":[{"href":"https:\/\/azezana.net\/de\/wp-json\/wp\/v2\/pages"}],"about":[{"href":"https:\/\/azezana.net\/de\/wp-json\/wp\/v2\/types\/page"}],"author":[{"embeddable":true,"href":"https:\/\/azezana.net\/de\/wp-json\/wp\/v2\/users\/4"}],"replies":[{"embeddable":true,"href":"https:\/\/azezana.net\/de\/wp-json\/wp\/v2\/comments?post=3"}],"version-history":[{"count":11,"href":"https:\/\/azezana.net\/de\/wp-json\/wp\/v2\/pages\/3\/revisions"}],"predecessor-version":[{"id":2617,"href":"https:\/\/azezana.net\/de\/wp-json\/wp\/v2\/pages\/3\/revisions\/2617"}],"wp:attachment":[{"href":"https:\/\/azezana.net\/de\/wp-json\/wp\/v2\/media?parent=3"}],"curies":[{"name":"wp","href":"https:\/\/api.w.org\/{rel}","templated":true}]}}