{"id":39,"date":"2018-07-16T09:16:21","date_gmt":"2018-07-16T09:16:21","guid":{"rendered":"https:\/\/stage.azezana.net\/?page_id=39"},"modified":"2021-05-11T15:18:14","modified_gmt":"2021-05-11T14:18:14","slug":"massanfertigung","status":"publish","type":"page","link":"https:\/\/azezana.net\/de\/massanfertigung\/","title":{"rendered":"Ma\u00dfanfertigung"},"content":{"rendered":"<p>[vc_row el_class=&#8221;aze_page_title_and_intro_cta&#8221;][vc_column][vc_column_text]<\/p>\n<h2 style=\"text-align: center;\">Unsere Ma\u00dfarbeiten<\/h2>\n<div class=\"page\" title=\"Page 11\">\n<div class=\"section\">\n<div class=\"layoutArea\">\n<div class=\"column\">\n<p style=\"text-align: center;\">AZEZANA verf\u00fcgt \u00fcber umfassende Erfahrung in der Zusammenarbeit mit Unternehmen unterschiedlichster Branchen und hat f\u00fcr diese ma\u00dfgeschneiderte Textill\u00f6sungen gefertigt. Nehmen Sie Kontakt mit uns auf und lassen Sie uns ein Band zwischen AZEZANA und Ihrem Unternehmen weben.<\/p>\n<\/div>\n<\/div>\n<\/div>\n<\/div>\n<p>[\/vc_column_text][vc_btn title=&#8221;Kontaktieren Sie uns&#8221; style=&#8221;outline&#8221; shape=&#8221;square&#8221; color=&#8221;black&#8221; align=&#8221;center&#8221; link=&#8221;url:https%3A%2F%2Fazezana.net%2Fde%2Fforms%2Fstandard-contact-form%2F|||&#8221;][\/vc_column][\/vc_row][vc_row][vc_column][vc_single_image image=&#8221;1979&#8243; img_size=&#8221;full&#8221; alignment=&#8221;center&#8221; css=&#8221;.vc_custom_1544445419580{margin-bottom: 3rem !important;}&#8221;][\/vc_column][\/vc_row][vc_row][vc_column][vc_separator][\/vc_column][\/vc_row][vc_row el_class=&#8221;aze_image_and_text&#8221; css=&#8221;.vc_custom_1537441662658{margin-top: 35px !important;}&#8221;][vc_column width=&#8221;1\/3&#8243;][vc_single_image image=&#8221;712&#8243; img_size=&#8221;medium&#8221; alignment=&#8221;center&#8221; style=&#8221;vc_box_border&#8221; el_class=&#8221;aze_image aze_image&#8211;border aze_image&#8211;rounded&#8221;][\/vc_column][vc_column width=&#8221;2\/3&#8243;][vc_column_text css_animation=&#8221;slideInDown&#8221;]<\/p>\n<div class=\"page\" title=\"Page 11\">\n<div class=\"section\">\n<div class=\"layoutArea\">\n<div class=\"column\">\n<div class=\"page\" title=\"Page 11\">\n<div class=\"section\">\n<div class=\"layoutArea\">\n<div class=\"column\">\n<h2>Ay illuminate \u2013 Netherlands<\/h2>\n<\/div>\n<\/div>\n<\/div>\n<\/div>\n<div class=\"t pg-1m0 pg-1x2 pg-1h3 pg-1yc pg-1ff1 pg-1fs0 pg-1fc0 pg-1sc0 pg-1ls0 pg-1ws0\" style=\"text-align: left;\">Seit 2018 kollaborieren AZEZANA und <a href=\"https:\/\/www.ayilluminate.com\/\" target=\"_blank\" rel=\"noopener\"><span class=\"pg-1fc2\"><span class=\"pg-1fc6 pg-1sc0\">Ay <\/span><span class=\"pg-1fc6 pg-1sc0\">i<\/span><span class=\"pg-1fc6 pg-1sc0\">l<\/span><span class=\"pg-1fc6 pg-1sc0\">l<\/span><span class=\"pg-1fc6 pg-1sc0\">u<\/span><span class=\"pg-1fc6 pg-1sc0\">mi<\/span><span class=\"pg-1fc6 pg-1sc0\">n<\/span><span class=\"pg-1fc6 pg-1sc0\">a<\/span><span class=\"pg-1fc6 pg-1sc0\">t<\/span><span class=\"pg-1fc6 pg-1sc0\">e<\/span><\/span><\/a> miteinander, um au\u00dfergew\u00f6hnliche Lampen anzubieten. Der Entwurf und das Lampenger\u00fcst stammen von Ay illuminate, einem in den Niederlanden ans\u00e4ssigen Designteam, die Lampenabdeckung-en aus Seide und Kaschmir hingegen werden von AZEZANA in bew\u00e4hrter Handarbeit hergestellt.<\/div>\n<div><\/div>\n<div class=\"t pg-1m0 pg-1x3 pg-1h3 pg-1y17 pg-1ff1 pg-1fs0 pg-1fc0 pg-1sc0 pg-1ls0 pg-1ws0\">Das Ergebnis dieser erfolgreichen Zusammenarbeit ist eine Symbiose aus progressiv europ\u00e4ischem Design verbunden mit traditioneller afghanischen Webkunst, die verdeutlicht, welche sch\u00f6pferische Kraft sich entwickeln kann, wenn herausragende europ\u00e4ische Designer und Handwerksk\u00fcnstler aus dem Orient sich gegenseitig inspirieren. Sie k\u00f6nnen die Lampenkreationen von AZEZANA und Ay illuminate <a href=\"https:\/\/www.ayilluminate.com\/products\/\" target=\"_blank\" rel=\"noopener\">hier<\/a> erwerben<\/div>\n<\/div>\n<\/div>\n<\/div>\n<\/div>\n<p>[\/vc_column_text][vc_btn title=&#8221;Hier Kaufen&#8221; style=&#8221;outline&#8221; shape=&#8221;square&#8221; color=&#8221;black&#8221; el_class=&#8221;aze_button&#8211;open&#8221; link=&#8221;url:https%3A%2F%2Fwww.ayilluminate.com%2Fportfolio%2Fz11-black-silk-cover-white%2F|title:https%3A%2F%2Fwww.ayilluminate.com%2Fportfolio%2Fz11-black-silk-cover-white%2F|target:%20_blank|&#8221;][\/vc_column][\/vc_row][vc_row][vc_column][vc_separator][\/vc_column][\/vc_row]<\/p>\n","protected":false},"excerpt":{"rendered":"<p>[vc_row el_class=&#8221;aze_page_title_and_intro_cta&#8221;][vc_column][vc_column_text] Unsere Ma\u00dfarbeiten AZEZANA verf\u00fcgt \u00fcber umfassende Erfahrung in der Zusammenarbeit mit Unternehmen unterschiedlichster Branchen und hat f\u00fcr diese ma\u00dfgeschneiderte Textill\u00f6sungen gefertigt. Nehmen Sie Kontakt mit uns auf und lassen Sie uns ein Band zwischen AZEZANA und Ihrem Unternehmen weben. [\/vc_column_text][vc_btn title=&#8221;Kontaktieren Sie uns&#8221; style=&#8221;outline&#8221; shape=&#8221;square&#8221; color=&#8221;black&#8221; align=&#8221;center&#8221; link=&#8221;url:https%3A%2F%2Fazezana.net%2Fde%2Fforms%2Fstandard-contact-form%2F|||&#8221;][\/vc_column][\/vc_row][vc_row][vc_column][vc_single_image image=&#8221;1979&#8243; img_size=&#8221;full&#8221; alignment=&#8221;center&#8221; css=&#8221;.vc_custom_1544445419580{margin-bottom: 3rem [&hellip;]<\/p>\n","protected":false},"author":0,"featured_media":699,"parent":0,"menu_order":40,"comment_status":"closed","ping_status":"closed","template":"page-full-width-header-boxed-content.php","meta":[],"_links":{"self":[{"href":"https:\/\/azezana.net\/de\/wp-json\/wp\/v2\/pages\/39"}],"collection":[{"href":"https:\/\/azezana.net\/de\/wp-json\/wp\/v2\/pages"}],"about":[{"href":"https:\/\/azezana.net\/de\/wp-json\/wp\/v2\/types\/page"}],"replies":[{"embeddable":true,"href":"https:\/\/azezana.net\/de\/wp-json\/wp\/v2\/comments?post=39"}],"version-history":[{"count":13,"href":"https:\/\/azezana.net\/de\/wp-json\/wp\/v2\/pages\/39\/revisions"}],"predecessor-version":[{"id":2399,"href":"https:\/\/azezana.net\/de\/wp-json\/wp\/v2\/pages\/39\/revisions\/2399"}],"wp:featuredmedia":[{"embeddable":true,"href":"https:\/\/azezana.net\/de\/wp-json\/wp\/v2\/media\/699"}],"wp:attachment":[{"href":"https:\/\/azezana.net\/de\/wp-json\/wp\/v2\/media?parent=39"}],"curies":[{"name":"wp","href":"https:\/\/api.w.org\/{rel}","templated":true}]}}