{"id":43,"date":"2018-07-16T09:17:37","date_gmt":"2018-07-16T09:17:37","guid":{"rendered":"https:\/\/stage.azezana.net\/?page_id=43"},"modified":"2020-05-22T15:09:20","modified_gmt":"2020-05-22T14:09:20","slug":"versand-and-rueckgabe","status":"publish","type":"page","link":"https:\/\/azezana.net\/de\/versand-and-rueckgabe\/","title":{"rendered":"Versand &#038; R\u00fcckgabe"},"content":{"rendered":"<p>&nbsp;<\/p>\n<p><img loading=\"lazy\" class=\"alignnone size-full wp-image-758\" src=\"https:\/\/azezana.net\/de\/wp-content\/uploads\/sites\/3\/2018\/09\/AZE_Logo_Reduced.png\" alt=\"\" width=\"150\" height=\"69\" srcset=\"https:\/\/azezana.net\/de\/wp-content\/uploads\/sites\/3\/2018\/09\/AZE_Logo_Reduced.png 150w, https:\/\/azezana.net\/de\/wp-content\/uploads\/sites\/3\/2018\/09\/AZE_Logo_Reduced-100x46.png 100w\" sizes=\"(max-width: 150px) 100vw, 150px\" \/><\/p>\n<p>&nbsp;<\/p>\n<p><b>Versand<\/b><\/p>\n<p>(1) Der Versand erfolgt innerhalb Deutschlands versandkostenfrei durch die Deutsche Post und des Weiteren innerhalb der Europ\u00e4ischen Union durch einen vom Verk\u00e4ufer ausgew\u00e4hlten Spediteur innerhalb der Europ\u00e4ischen Union. Auf Anfrage versendet der Verk\u00e4ufer auch in die Schweiz und au\u00dferhalb der Europ\u00e4ischen Union. Bei Lieferungen in L\u00e4nder au\u00dferhalb der EU k\u00f6nnen zus\u00e4tzlich Z\u00f6lle oder andere Abgaben anfallen, die je nach Land unterschiedlich sind und bei der Lieferung vom Besteller bezahlt werden m\u00fcssen. Die H\u00f6he solcher eventuell anfallenden Abgaben erfahren Sie bei Ihrem \u00f6rtlichen Zollamt.<\/p>\n<p>(2) Wenn nichts Abweichendes vereinbart wurde, liefern wir bestellte Produkte an die durch Sie angegebene Lieferadresse.<\/p>\n<p>(3) Wir bitten Sie, die Ware nach Erhalt umgehend auf Vollst\u00e4ndigkeit, offensichtliche M\u00e4ngel und Transportsch\u00e4den zu \u00fcberpr\u00fcfen und Beanstandungen uns und dem Spediteur schnellstm\u00f6glich mitzuteilen. Ihre Gew\u00e4hrleistungsanspr\u00fcche bleiben hiervon unber\u00fchrt.<\/p>\n<p><b>Kostenlose R\u00fcckgabe<\/b><\/p>\n<p>Sie haben das Recht, binnen 30 Tagen ohne Angabe von Gr\u00fcnden diesen Vertrag zu widerrufen.<\/p>\n<p>Die Widerrufsfrist betr\u00e4gt 30 Tage ab dem Tag an dem Sie oder ein von Ihnen benannter Dritter, der nicht der Bef\u00f6rderer ist, die Waren in Besitz genommen haben bzw. hat.<\/p>\n<p>Um Ihr Widerrufsrecht auszu\u00fcben, m\u00fcssen Sie uns mittels einer eindeutigen Erkl\u00e4rung (z.B. ein mit der Post versandter Brief, Telefon oder E-Mail) \u00fcber Ihren Entschluss, diesen Vertrag zu widerrufen, informieren.<\/p>\n<p>Die Kosten der R\u00fccksendung von Bestellungen aus Deutschland werden durch AZEZANA \u00fcbernommen. Bei R\u00fccksendungen der Ware aus dem Ausland ist das Retourenporto vom Kunden zu tragen.<\/p>\n<p>Bitte senden Sie die R\u00fccksendung gut verpackt und auf dem g\u00fcnstigsten Postweg an folgende Adresse:<\/p>\n<p>AZEZANA Distribution Europe UG (haftungsbeschr\u00e4nkt)<br \/>\nDreimuehlenstr. 23<br \/>\n80469 Muenchen<\/p>\n<p>Tel. +49-89 20205786<br \/>\nEmail: <a href=\"mailto:shop@azezana.net\">shop@azezana.net<\/a><\/p>\n<p>Die Kosten der R\u00fccksendung werden wir Ihnen nach Wareneingang umgehend zur\u00fcck erstatten.<\/p>\n","protected":false},"excerpt":{"rendered":"<p>&nbsp; &nbsp; Versand (1) Der Versand erfolgt innerhalb Deutschlands versandkostenfrei durch die Deutsche Post und des Weiteren innerhalb der Europ\u00e4ischen Union durch einen vom Verk\u00e4ufer ausgew\u00e4hlten Spediteur innerhalb der Europ\u00e4ischen Union. Auf Anfrage versendet der Verk\u00e4ufer auch in die Schweiz und au\u00dferhalb der Europ\u00e4ischen Union. Bei Lieferungen in L\u00e4nder au\u00dferhalb der EU k\u00f6nnen zus\u00e4tzlich Z\u00f6lle [&hellip;]<\/p>\n","protected":false},"author":0,"featured_media":0,"parent":0,"menu_order":150,"comment_status":"closed","ping_status":"closed","template":"","meta":[],"_links":{"self":[{"href":"https:\/\/azezana.net\/de\/wp-json\/wp\/v2\/pages\/43"}],"collection":[{"href":"https:\/\/azezana.net\/de\/wp-json\/wp\/v2\/pages"}],"about":[{"href":"https:\/\/azezana.net\/de\/wp-json\/wp\/v2\/types\/page"}],"replies":[{"embeddable":true,"href":"https:\/\/azezana.net\/de\/wp-json\/wp\/v2\/comments?post=43"}],"version-history":[{"count":10,"href":"https:\/\/azezana.net\/de\/wp-json\/wp\/v2\/pages\/43\/revisions"}],"predecessor-version":[{"id":2248,"href":"https:\/\/azezana.net\/de\/wp-json\/wp\/v2\/pages\/43\/revisions\/2248"}],"wp:attachment":[{"href":"https:\/\/azezana.net\/de\/wp-json\/wp\/v2\/media?parent=43"}],"curies":[{"name":"wp","href":"https:\/\/api.w.org\/{rel}","templated":true}]}}