{"id":6,"date":"2018-07-16T09:04:30","date_gmt":"2018-07-16T09:04:30","guid":{"rendered":"https:\/\/stage.azezana.net\/?page_id=6"},"modified":"2023-11-12T20:24:35","modified_gmt":"2023-11-12T19:24:35","slug":"agb","status":"publish","type":"page","link":"https:\/\/azezana.net\/de\/agb\/","title":{"rendered":"AGB"},"content":{"rendered":"<p>&nbsp;<\/p>\n<p><strong>Allgemeine Gesch\u00e4ftsbedingungen und Verbraucherinformationen f\u00fcr AZEZANA (<\/strong><a href=\"https:\/\/azezana.net\/de\/shop\/\"><strong>https:\/\/shop.azezana.net\/<\/strong><\/a><strong>)<\/strong><\/p>\n<p><strong>\u00a7 1 Geltung der AGB<\/strong><\/p>\n<p>Diese Allgemeinen Gesch\u00e4ftsbedingungen (nachfolgend als \u201eAGB\u201c bezeichnet) gelten f\u00fcr alle Bestellungen \u00fcber den Onlineshop von AZEZANA (https:\/\/shop.azezana.net\/). Es gelten ausschlie\u00dflich diese AGB, es sei denn es werden abweichende Bedingungen in einzelnen F\u00e4llen zwischen dem Verk\u00e4ufer und dem Kunden schriftlich festgelegt.<\/p>\n<p><strong>\u00a7 2 Vertragspartner<\/strong><\/p>\n<p>Bei einer Bestellung kommt ein Kaufvertrag mit<\/p>\n<p>AZEZANA Distribution Europe UG (haftungsbeschr\u00e4nkt)<br \/>\nRegisternummer: HRB 256668<br \/>\nAmtsgericht M\u00fcnchen<br \/>\nGesch\u00e4ftsf\u00fchrung: Shaima Breshna<br \/>\nDreimuehlenstr. 23<br \/>\n80469 Muenchen<\/p>\n<p>&nbsp;<\/p>\n<p>(nachfolgend als \u201ewir\u201c oder \u201euns\u201c bezeichnet) zu Stande. Weitere Informationen zum Vertragspartner sind im <a href=\"https:\/\/azezana.net\/de\/impressum\/\">Impressum<\/a> dieser Website enthalten. Sie k\u00f6nnen uns f\u00fcr Fragen, Reklamationen und Beanstandungen werktags zwischen 9.00 Uhr und 18:00 Uhr wie folgt erreichen:<\/p>\n<p>AZEZANA Distribution Europe UG (haftungsbeschr\u00e4nkt)<br \/>\nDreimuehlenstr. 23<br \/>\n80469 Muenchen<\/p>\n<p>Tel. +49-89 20205786<br \/>\nEmail: <a href=\"mailto:shop@azezana.net\">shop@azezana.net<\/a><\/p>\n<p><strong>\u00a7 3 Vertragsschluss<\/strong><\/p>\n<p>(1) Die Darstellung unserer Produkte im Online-Shop stellt kein rechtlich bindendes Angebot auf Abschluss eines Kaufvertrages dar. Vielmehr handelt es sich um eine Aufforderung an den K\u00e4ufer, \u00fcber unsere Website eine Bestellung abzugeben.<\/p>\n<p>(2) \u00dcber die Bet\u00e4tigung der Schaltfl\u00e4che Bestellen-Buttons geben Sie ein verbindliches Angebot zum Abschluss eines Kaufvertrages ab. Sie haben vor Abgabe dieser Erkl\u00e4rung die M\u00f6glichkeit, Ihre Angaben noch einmal zu \u00fcberpr\u00fcfen. Nach Abgabe der Bestellung erhalten Sie eine automatisch versandte Eingangsbest\u00e4tigung. Diese stellt noch keine Annahme Ihres Angebots dar. Ein Kaufvertrag kommt erst mit unserer ausdr\u00fccklichen Annahme Ihres Angebots im Wege einer Auftragsbest\u00e4tigung oder wenn wir die Ware an Sie versenden zustande. \u00dcber nicht in der Auftragsbest\u00e4tigung aufgef\u00fchrte oder nicht gelieferte Produkte kommt dabei kein Kaufvertrag zustande.<\/p>\n<p><strong>\u00a7 4 Preise, Zahlung und Verzug<\/strong><\/p>\n<p>(1) Die angegebenen Preise unserer Produkte verstehen sind in Euro inklusive aller gesetzlich anfallenden Steuern in Deutschland. Die Preise verstehen sich inklusive der anfallenden Versandkosten. Weitere Informationen zu den Versandkosten erhalten Sie auf unserer Website unter <a href=\"https:\/\/azezana.net\/de\/versand-and-rueckgabe\/\">Versand &amp; R\u00fcckgabe<\/a><em>.<\/em><\/p>\n<p>(2) Wir bieten Ihnen die folgenden Zahlungsarten an:<\/p>\n<p><strong>Paypal<\/strong><\/p>\n<p><strong>Paypal Express<\/strong><\/p>\n<p><strong>\u00dcberweisung (Vorkasse)<\/strong><\/p>\n<p>&nbsp;<\/p>\n<p>(3) Die Zahlung des Kaufpreises wird unmittelbar mit Vertragsschluss f\u00e4llig.<\/p>\n<p><strong>\u00a7 5 Versand\/Lieferung<\/strong><\/p>\n<p>(1) Der Versand erfolgt innerhalb Deutschlands versandkostenfrei durch die Deutsche Post und des Weiteren innerhalb der Europ\u00e4ischen Union durch einen vom Verk\u00e4ufer ausgew\u00e4hlten Spediteur innerhalb der Europ\u00e4ischen Union. Auf Anfrage versendet der Verk\u00e4ufer auch in die Schweiz und au\u00dferhalb der Europ\u00e4ischen Union. Bei Lieferungen in L\u00e4nder au\u00dferhalb der EU k\u00f6nnen zus\u00e4tzlich Z\u00f6lle oder andere Abgaben anfallen, die je nach Land unterschiedlich sind und bei der Lieferung vom Besteller bezahlt werden m\u00fcssen. Die H\u00f6he solcher eventuell anfallenden Abgaben erfahren Sie bei Ihrem \u00f6rtlichen Zollamt.<\/p>\n<p>(2) Wenn nichts Abweichendes vereinbart wurde, liefern wir bestellte Produkte an die durch Sie angegebene Lieferadresse.<\/p>\n<p>(3) Wir bitten Sie, die Ware nach Erhalt umgehend auf Vollst\u00e4ndigkeit, offensichtliche M\u00e4ngel und Transportsch\u00e4den zu \u00fcberpr\u00fcfen und Beanstandungen uns und dem Spediteur schnellstm\u00f6glich mitzuteilen. Ihre Gew\u00e4hrleistungsanspr\u00fcche bleiben hiervon unber\u00fchrt.<\/p>\n<p><strong>\u00a7 6 Eigentumsvorbehalt<\/strong><\/p>\n<p>Bis zur vollst\u00e4ndigen Zahlung des Kaufpreises bleiben bestellte Produkte unser Eigentum.<\/p>\n<p><strong>\u00a7 7Widerrufsrecht<\/strong><\/p>\n<p>Wenn die den Kaufvertrag in der Eigenschaft als Verbraucher gem. \u00a7\u00a013\u00a0BGB abgeschlossen haben, steht Ihnen ein gesetzliches Widerrufsrecht zu. Die diesbez\u00fcgliche Belehrung sowie ein Musterwiderrufsformular finden Sie am Ende dieser AGB.<\/p>\n<p><strong>\u00a7 8 Gew\u00e4hrleistung<\/strong><\/p>\n<p>Sofern nicht ausdr\u00fccklich etwas anderes vereinbart wurde, richten sich Ihre Gew\u00e4hrleistungsanspr\u00fcche nach den gesetzlichen Bestimmungen des Kaufrechts (\u00a7\u00a0433\u00a0ff.\u00a0BGB).<\/p>\n<p><strong>\u00a7 9 Haftung<\/strong><\/p>\n<p>(1) Wir haften unbeschr\u00e4nkt f\u00fcr Sch\u00e4den aus der Verletzung des Lebens, des K\u00f6rpers oder der Gesundheit und bei Anspr\u00fcchen nach dem Produkthaftungsgesetz sowie bei vors\u00e4tzlicher oder grob fahrl\u00e4ssiger Pflichtverletzung.<\/p>\n<p>(2) Der Verk\u00e4ufer haftet unter Begrenzung auf Ersatz des vertragstypischen vorhersehbaren Schadens f\u00fcr solche Sch\u00e4den, die auf einer leicht fahrl\u00e4ssigen Verletzung wesentlicher Vertragspflichten beruhen. Das sind Pflichten, deren Erf\u00fcllung die ordnungsgem\u00e4\u00dfe Durchf\u00fchrung des Vertrags \u00fcberhaupt erst erm\u00f6glichen und auf deren Einhaltung der Kunde regelm\u00e4\u00dfig vertrauen darf (Kardinalpflichten). In sonstigen F\u00e4llen ist die Haftung f\u00fcr leichte Fahrl\u00e4ssigkeit &#8211; soweit gesetzlich zul\u00e4ssig &#8211; ausgeschlossen.<\/p>\n<p>(3) Soweit die Haftung ausgeschlossen oder beschr\u00e4nkt ist, gilt dies auch f\u00fcr die pers\u00f6nliche Haftung der Gesellschafter, Mitarbeiter, Vertreter und Erf\u00fcllungsgehilfen des Verk\u00e4ufers.<\/p>\n<p><strong>\u00a7 10 Schlussbestimmungen<\/strong><\/p>\n<p>(1) Auf unter Geltung dieser AGB abgeschlossene Vertr\u00e4ge ist ausschlie\u00dflich deutsches Recht unter Ausschluss der Bestimmungen der United Nations Convention on Contracts for the International Sale of Goods (CISG, \u201eUN-Kaufrecht\u201c) anwendbar. Von dieser Rechtswahl bleiben zwingende verbrauchersch\u00fctzende Bestimmungen des Landes, in dem Sie Ihren gew\u00f6hnlichen Aufenthalt haben, unber\u00fchrt.<\/p>\n<div>\n<p>(2) Gegen\u00fcber einem Kaufmann, einer juristischen Person des \u00f6ffentlichen Rechts oder einem \u00f6ffentlich-rechtlichen Sonderverm\u00f6gen ist unser Gesch\u00e4ftssitz Gerichtsstand f\u00fcr alle Streitigkeiten aus oder im Zusammenhang mit Vertr\u00e4gen, die unter der Geltung dieser AGB zwischen uns abgeschlossen wurden.<\/p>\n<p>(3) Sollten einzelne dieser Bestimmungen unwirksam sein oder werden, so wird dadurch die Wirksamkeit der \u00fcbrigen Bestimmungen nicht ber\u00fchrt.<\/p>\n<p>Stand: August 2018<\/p>\n<p>&nbsp;<\/p>\n<\/div>\n<p align=\"center\"><strong><u>Widerrufsbelehrung<\/u><\/strong><\/p>\n<p><strong>Widerrufsrecht<\/strong><\/p>\n<p>Sie haben das Recht, binnen 30 Tagen ohne Angabe von Gr\u00fcnden diesen Vertrag zu widerrufen.<\/p>\n<p>Die Widerrufsfrist betr\u00e4gt 30 Tage ab dem Tag an dem Sie oder ein von Ihnen benannter Dritter, der nicht der Bef\u00f6rderer ist, die Waren in Besitz genommen haben bzw. hat.<\/p>\n<p>Um Ihr Widerrufsrecht auszu\u00fcben, m\u00fcssen Sie uns mittels einer eindeutigen Erkl\u00e4rung (z.B. ein mit der Post versandter Brief, Telefon oder E-Mail) \u00fcber Ihren Entschluss, diesen Vertrag zu widerrufen, informieren.<\/p>\n<p>Die Kosten der R\u00fccksendung von Bestellungen aus Deutschland werden durch AZEZANA \u00fcbernommen. Bei R\u00fccksendungen der Ware aus dem Ausland ist das Retourenporto vom Kunden zu tragen.<\/p>\n<p>Bitte senden Sie die R\u00fccksendung gut verpackt und auf dem g\u00fcnstigsten Postweg an folgende Adresse:<\/p>\n<p>AZEZANA Distribution Europe UG (haftungsbeschr\u00e4nkt)<br \/>\nDreimuehlenstr. 23<br \/>\n80469 Muenchen<\/p>\n<p>Tel. +49-89 20205786<br \/>\nEmail: <a href=\"mailto:shop@azezana.net\">shop@azezana.net<\/a><\/p>\n<p>Die Kosten der R\u00fccksendung werden wir Ihnen nach Wareneingang umgehend zur\u00fcck erstatten.<\/p>\n<p>Sie k\u00f6nnen daf\u00fcr das beigef\u00fcgte Muster-Widerrufsformular verwenden, das jedoch nicht vorgeschrieben ist.<\/p>\n<p>Zur Wahrung der Widerrufsfrist reicht es aus, dass Sie die Mitteilung \u00fcber die Aus\u00fcbung des Widerrufsrechts vor Ablauf der Widerrufsfrist absenden.<\/p>\n<p><strong>Folgen des Widerrufs<\/strong><\/p>\n<p>Wenn Sie diesen Vertrag widerrufen, haben wir Ihnen alle Zahlungen, die wir von Ihnen erhalten haben, einschlie\u00dflich der Lieferkosten (mit Ausnahme der zus\u00e4tzlichen Kosten, die sich daraus ergeben, dass Sie eine andere Art der Lieferung als die von uns angebotene, g\u00fcnstigste Standardlieferung gew\u00e4hlt haben), unverz\u00fcglich und sp\u00e4testens binnen 30 Tagen ab dem Tag zur\u00fcckzuzahlen, an dem die Mitteilung \u00fcber Ihren Widerruf dieses Vertrags bei uns eingegangen ist. F\u00fcr diese R\u00fcckzahlung verwenden wir dasselbe Zahlungsmittel, das Sie bei der urspr\u00fcnglichen Transaktion eingesetzt haben, es sei denn, mit Ihnen wurde ausdr\u00fccklich etwas anderes vereinbart; in keinem Fall werden Ihnen wegen dieser R\u00fcckzahlung Entgelte berechnet. Wir k\u00f6nnen die R\u00fcckzahlung verweigern, bis wir die Waren wieder zur\u00fcckerhalten haben oder bis Sie den Nachweis erbracht haben, dass Sie die Waren zur\u00fcckgesandt haben, je nachdem, welches der fr\u00fchere Zeitpunkt ist.<\/p>\n<p>Sie haben die Waren unverz\u00fcglich und in jedem Fall sp\u00e4testens binnen 30 Tagen ab dem Tag, an dem Sie uns \u00fcber den Widerruf dieses Vertrags unterrichten, an uns zur\u00fcckzusenden oder zu \u00fcbergeben. Die Frist ist gewahrt, wenn Sie die Waren vor Ablauf der Frist von 30 Tagen absenden. Sie m\u00fcssen f\u00fcr einen etwaigen Wertverlust der Waren nur aufkommen, wenn dieser Wertverlust auf einen zur Pr\u00fcfung der Beschaffenheit, Eigenschaften und Funktionsweise der Waren nicht notwendigen Umgang mit ihnen zur\u00fcckzuf\u00fchren ist.<\/p>\n<p><strong>Muster-Widerrufsformular<\/strong><\/p>\n<p>(Wenn Sie den Vertrag widerrufen wollen, dann f\u00fcllen Sie bitte dieses Formular aus und senden Sie es zur\u00fcck.)<\/p>\n<p>An<\/p>\n<p>AZEZANA Distribution Europe UG (haftungsbeschr\u00e4nkt)<br \/>\nDreimuehlenstr. 23<br \/>\n80469 Muenchen<\/p>\n<p>Tel. +49-89 20205786<br \/>\nEmail: <a href=\"mailto:shop@azezana.net\">shop@azezana.net<\/a><\/p>\n<p>&#8211; Hiermit widerrufe(n) ich\/wir (*) den von mir\/uns (*) abgeschlossenen Vertrag \u00fcber den Kauf der folgenden Waren (*)<\/p>\n<p>&#8211; Bestellt am (*)\/erhalten am (*)<\/p>\n<p>&#8211; Name des\/der Verbraucher(s)<\/p>\n<p>&#8211; Anschrift des\/der Verbraucher(s)<\/p>\n<p>&#8211; Unterschrift des\/der Verbraucher(s) (nur bei Mitteilung auf Papier)<\/p>\n<p>&#8211; Datum<\/p>\n<p>&#8212;<\/p>\n<p>(*) Unzutreffendes streichen.<\/p>\n<p><b>\u00a0<\/b><\/p>\n<p>Der Vertragstext wird auf unseren internen Systemen gespeichert. Die Allgemeinen Gesch\u00e4ftsbedingungen k\u00f6nnen Sie jederzeit auf dieser Seite einsehen. Soweit Sie ein Kundenkonto erstellt haben, k\u00f6nnen Sie Ihre Kundendaten jederzeit unter \u2018Kundenlogin\u2019 einsehen. Die Bestelldaten und die AGB werden Ihnen per E-Mail zugesendet. Nach Abschluss der Bestellung ist der Vertragstext aus Sicherheitsgr\u00fcnden nicht mehr \u00fcber das Internet zug\u00e4nglich.<\/p>\n","protected":false},"excerpt":{"rendered":"<p>&nbsp; Allgemeine Gesch\u00e4ftsbedingungen und Verbraucherinformationen f\u00fcr AZEZANA (https:\/\/shop.azezana.net\/) \u00a7 1 Geltung der AGB Diese Allgemeinen Gesch\u00e4ftsbedingungen (nachfolgend als \u201eAGB\u201c bezeichnet) gelten f\u00fcr alle Bestellungen \u00fcber den Onlineshop von AZEZANA (https:\/\/shop.azezana.net\/). Es gelten ausschlie\u00dflich diese AGB, es sei denn es werden abweichende Bedingungen in einzelnen F\u00e4llen zwischen dem Verk\u00e4ufer und dem Kunden schriftlich festgelegt. \u00a7 2 [&hellip;]<\/p>\n","protected":false},"author":4,"featured_media":0,"parent":0,"menu_order":110,"comment_status":"closed","ping_status":"closed","template":"","meta":[],"_links":{"self":[{"href":"https:\/\/azezana.net\/de\/wp-json\/wp\/v2\/pages\/6"}],"collection":[{"href":"https:\/\/azezana.net\/de\/wp-json\/wp\/v2\/pages"}],"about":[{"href":"https:\/\/azezana.net\/de\/wp-json\/wp\/v2\/types\/page"}],"author":[{"embeddable":true,"href":"https:\/\/azezana.net\/de\/wp-json\/wp\/v2\/users\/4"}],"replies":[{"embeddable":true,"href":"https:\/\/azezana.net\/de\/wp-json\/wp\/v2\/comments?post=6"}],"version-history":[{"count":10,"href":"https:\/\/azezana.net\/de\/wp-json\/wp\/v2\/pages\/6\/revisions"}],"predecessor-version":[{"id":2616,"href":"https:\/\/azezana.net\/de\/wp-json\/wp\/v2\/pages\/6\/revisions\/2616"}],"wp:attachment":[{"href":"https:\/\/azezana.net\/de\/wp-json\/wp\/v2\/media?parent=6"}],"curies":[{"name":"wp","href":"https:\/\/api.w.org\/{rel}","templated":true}]}}