{"id":1446,"date":"2018-10-10T16:31:34","date_gmt":"2018-10-10T15:31:34","guid":{"rendered":"https:\/\/stage.azezana.net\/?post_type=product&#038;p=1446"},"modified":"2024-04-26T15:02:25","modified_gmt":"2024-04-26T14:02:25","slug":"handgefertigter-seidenschal-schwarz-gold-naturfarbstoff","status":"publish","type":"product","link":"https:\/\/azezana.net\/de\/product\/handgefertigter-seidenschal-schwarz-gold-naturfarbstoff\/","title":{"rendered":"Samara Schwarz"},"content":{"rendered":"","protected":false},"excerpt":{"rendered":"<h5>Seidenschal handgefertigt von Frauen in Afghanistan<\/h5>\n<p>Dieser sch\u00f6ne und elegante schwarze Seidenschal mit goldenen Streifen verdankt seine leuchtenden Farben durch nat\u00fcrliche und umweltschonende F\u00e4rbung, seine Sch\u00f6nheit durch W\u00fcnsche und Tr\u00e4ume f\u00fcr eine bessere Zukunft.<\/p>\n<p>Alle unsere Schals werden von Frauen in Afghanistan handgefertigt. Die Produktion jedes Schals hilft, die notleidendsten Frauen in Afghanistan zu einem Leben in W\u00fcrde und Selbstversorgung zu machen. Die Seide beziehen wir aus der Region um Herat in Afghanistan. An der alten Seidenstra\u00dfe gelegen, war die Stadt Herat \u00fcber Jahrhunderte ein bedeutender Umschlagsplatz f\u00fcr Seide und ein Zentrum der Verarbeitung dieses kostbaren Stoffes.<\/p>\n<p>Mit diesem AZEZANA Schal tragen Sie die Hoffnung afghanischer Frauen f\u00fcr eine bessere Zukunft mit sich.<\/p>\n<p>Gr\u00f6\u00dfe: 180 cm x 40 cm<\/p>\n<p>Material: Reine Seide<\/p>\n<p>Farbe: Schwarz<\/p>\n<p>Muster: Streifen\u00a0Exklusiv<\/p>\n<p>&nbsp;<\/p>\n","protected":false},"featured_media":2022,"comment_status":"open","ping_status":"closed","template":"","meta":[],"_links":{"self":[{"href":"https:\/\/azezana.net\/de\/wp-json\/wp\/v2\/product\/1446"}],"collection":[{"href":"https:\/\/azezana.net\/de\/wp-json\/wp\/v2\/product"}],"about":[{"href":"https:\/\/azezana.net\/de\/wp-json\/wp\/v2\/types\/product"}],"replies":[{"embeddable":true,"href":"https:\/\/azezana.net\/de\/wp-json\/wp\/v2\/comments?post=1446"}],"wp:featuredmedia":[{"embeddable":true,"href":"https:\/\/azezana.net\/de\/wp-json\/wp\/v2\/media\/2022"}],"wp:attachment":[{"href":"https:\/\/azezana.net\/de\/wp-json\/wp\/v2\/media?parent=1446"}],"curies":[{"name":"wp","href":"https:\/\/api.w.org\/{rel}","templated":true}]}}