{"id":1751,"date":"2018-11-20T16:31:11","date_gmt":"2018-11-20T15:31:11","guid":{"rendered":"https:\/\/stage.azezana.net\/de\/?post_type=product&#038;p=1751"},"modified":"2021-10-27T15:58:11","modified_gmt":"2021-10-27T14:58:11","slug":"handgefertigter-kaschmir-schal-beige-braun","status":"publish","type":"product","link":"https:\/\/azezana.net\/de\/product\/handgefertigter-kaschmir-schal-beige-braun\/","title":{"rendered":"Afsana Beige und Braun"},"content":{"rendered":"","protected":false},"excerpt":{"rendered":"<div class=\"oSioSc\">\n<div id=\"tw-target\">\n<div id=\"tw-target-text-container\" class=\"gsrt tw-ta-container tw-nfl\">\n<h5 id=\"tw-target-text\" class=\"tw-data-text tw-ta tw-text-small\" dir=\"ltr\" data-placeholder=\"\u00dcbersetzung\"><span lang=\"de\">Kaschmir-Seidenschal handgefertigt von Frauen in Afghanistan<\/span><\/h5>\n<p>Dieser AZEZANA Kaschmir-Seidenschal ist von afghanischen Witwen und bed\u00fcrftigen Frauen in liebevoller Handarbeit hergestellt worden und erm\u00f6glicht Ihnen ein Leben in wirtschaftlicher Unabh\u00e4ngigkeit und W\u00fcrde. Dieser Schal verdankt seine lebhaften Farben den nat\u00fcrlichen Farbstoffen. Seine Sch\u00f6nheit spiegelt den Traum einer besseren Zukunft wider.<\/p>\n<p>Die Kaschmirwolle, wie auch die Seide, beziehen wir aus der Region um Herat in Afghanistan. An der alten Seidenstra\u00dfe gelegen, war die Stadt Herat \u00fcber Jahrhunderte ein bedeutender Umschlagsplatz f\u00fcr Seide und ein Zentrum der Verarbeitung dieses kostbaren Stoffes.<\/p>\n<p>Mit diesem AZEZANA Schal tragen Sie die Hoffnung afghanischer Frauen f\u00fcr eine bessere Zukunft mit sich.<\/p>\n<p>Gr\u00f6\u00dfe: 180 cm x 40 cm<\/p>\n<p>Material: 50% Kaschmir und 50% Seide<\/p>\n<p>Farbe: Beige und Braun<\/p>\n<p>Muster: Doppelseitig<\/p>\n<p>&nbsp;<\/p>\n<\/div>\n<\/div>\n<\/div>\n","protected":false},"featured_media":2060,"comment_status":"open","ping_status":"closed","template":"","meta":[],"_links":{"self":[{"href":"https:\/\/azezana.net\/de\/wp-json\/wp\/v2\/product\/1751"}],"collection":[{"href":"https:\/\/azezana.net\/de\/wp-json\/wp\/v2\/product"}],"about":[{"href":"https:\/\/azezana.net\/de\/wp-json\/wp\/v2\/types\/product"}],"replies":[{"embeddable":true,"href":"https:\/\/azezana.net\/de\/wp-json\/wp\/v2\/comments?post=1751"}],"wp:featuredmedia":[{"embeddable":true,"href":"https:\/\/azezana.net\/de\/wp-json\/wp\/v2\/media\/2060"}],"wp:attachment":[{"href":"https:\/\/azezana.net\/de\/wp-json\/wp\/v2\/media?parent=1751"}],"curies":[{"name":"wp","href":"https:\/\/api.w.org\/{rel}","templated":true}]}}