{"id":1791,"date":"2018-11-22T12:30:15","date_gmt":"2018-11-22T11:30:15","guid":{"rendered":"https:\/\/stage.azezana.net\/de\/?post_type=product&#038;p=1791"},"modified":"2025-05-14T15:42:11","modified_gmt":"2025-05-14T14:42:11","slug":"handgefertigter-seidenschal-zitronengrun-naturfarbstoff","status":"publish","type":"product","link":"https:\/\/azezana.net\/de\/product\/handgefertigter-seidenschal-zitronengrun-naturfarbstoff\/","title":{"rendered":"Seide AZ-130506"},"content":{"rendered":"","protected":false},"excerpt":{"rendered":"<h5>Seidenschal handgefertigt von Frauen in Afghanistan<\/h5>\n<p>Dieser AZEZANA Schal ist von afghanischen Witwen und bed\u00fcrftigen Frauen in liebevoller Handarbeit hergestellt worden und erm\u00f6glicht Ihnen ein Leben in wirtschaftlicher Unabh\u00e4ngigkeit und W\u00fcrde. Seine leuchtenden Farben erh\u00e4lt dieser Schal durch nat\u00fcrliche und umweltschonende F\u00e4rbung, seine Sch\u00f6nheit durch W\u00fcnsche und Tr\u00e4ume f\u00fcr eine bessere Zukunft.<\/p>\n<p>Die Seide stammt aus der Region Herat in Afghanistan, die historisch ein bedeutendes Zentrum der Seidenproduktion entlang der ber\u00fchmten Seidenstra\u00dfe war.<\/p>\n<p>Mit diesem AZEZANA Schal tragen Sie die Hoffnung afghanischer Frauen mit sich.<\/p>\n<p>Gr\u00f6\u00dfe: 180cmx40cm<\/p>\n<p>Material: Reine Seide<\/p>\n<p>Farbe: Gr\u00fcn und Magenta<\/p>\n<p>Muster: Doppelseitig<\/p>\n<p>&nbsp;<\/p>\n","protected":false},"featured_media":1792,"comment_status":"open","ping_status":"closed","template":"","meta":[],"_links":{"self":[{"href":"https:\/\/azezana.net\/de\/wp-json\/wp\/v2\/product\/1791"}],"collection":[{"href":"https:\/\/azezana.net\/de\/wp-json\/wp\/v2\/product"}],"about":[{"href":"https:\/\/azezana.net\/de\/wp-json\/wp\/v2\/types\/product"}],"replies":[{"embeddable":true,"href":"https:\/\/azezana.net\/de\/wp-json\/wp\/v2\/comments?post=1791"}],"wp:featuredmedia":[{"embeddable":true,"href":"https:\/\/azezana.net\/de\/wp-json\/wp\/v2\/media\/1792"}],"wp:attachment":[{"href":"https:\/\/azezana.net\/de\/wp-json\/wp\/v2\/media?parent=1791"}],"curies":[{"name":"wp","href":"https:\/\/api.w.org\/{rel}","templated":true}]}}