{"id":2516,"date":"2021-10-28T15:31:25","date_gmt":"2021-10-28T14:31:25","guid":{"rendered":"https:\/\/azezana.net\/de\/product\/sitar-gelb-copy-copy-copy\/"},"modified":"2025-10-25T20:45:53","modified_gmt":"2025-10-25T19:45:53","slug":"sitar-gelb-copy-copy-copy","status":"publish","type":"product","link":"https:\/\/azezana.net\/de\/product\/sitar-gelb-copy-copy-copy\/","title":{"rendered":"Hawa Gr\u00fcn"},"content":{"rendered":"","protected":false},"excerpt":{"rendered":"<h5>Seidenschal handgefertigt von Frauen in Afghanistan<\/h5>\n<p class=\"tw-data-text tw-ta tw-text-small\" dir=\"ltr\" data-placeholder=\"\u00dcbersetzung\">Dieser wundersch\u00f6ne doppelseitige Seidenschal in Gr\u00fcn und Blau verdankt seine leuchtenden Farben durch nat\u00fcrliche und umweltschonende F\u00e4rbung, seine Sch\u00f6nheit durch W\u00fcnsche und Tr\u00e4ume f\u00fcr eine bessere Zukunft.<\/p>\n<p>Alle unsere Schals werden von Frauen in Afghanistan handgefertigt. Die Produktion jedes Schals hilft, die notleidendsten Frauen in Afghanistan zu einem Leben in W\u00fcrde und Selbstversorgung zu machen. Die Seide beziehen wir aus der Region um Herat in Afghanistan. An der alten Seidenstra\u00dfe gelegen, war die Stadt Herat \u00fcber Jahrhunderte ein bedeutender Umschlagsplatz f\u00fcr Seide und ein Zentrum der Verarbeitung dieses kostbaren Stoffes.<\/p>\n<p>Mit diesem AZEZANA Schal tragen Sie die Hoffnung afghanischer Frauen f\u00fcr eine bessere Zukunft mit sich.<\/p>\n<p>Gr\u00f6\u00dfe: 180 cm x 40 cm<\/p>\n<p class=\"tw-data-text tw-ta tw-text-small\" dir=\"ltr\" data-placeholder=\"\u00dcbersetzung\">Material: Reine Seide<\/p>\n<p>Farbe: Gr\u00fcn und Blau<\/p>\n<p>Muster: Doppelseitig<\/p>\n","protected":false},"featured_media":2444,"comment_status":"open","ping_status":"closed","template":"","meta":[],"_links":{"self":[{"href":"https:\/\/azezana.net\/de\/wp-json\/wp\/v2\/product\/2516"}],"collection":[{"href":"https:\/\/azezana.net\/de\/wp-json\/wp\/v2\/product"}],"about":[{"href":"https:\/\/azezana.net\/de\/wp-json\/wp\/v2\/types\/product"}],"replies":[{"embeddable":true,"href":"https:\/\/azezana.net\/de\/wp-json\/wp\/v2\/comments?post=2516"}],"wp:featuredmedia":[{"embeddable":true,"href":"https:\/\/azezana.net\/de\/wp-json\/wp\/v2\/media\/2444"}],"wp:attachment":[{"href":"https:\/\/azezana.net\/de\/wp-json\/wp\/v2\/media?parent=2516"}],"curies":[{"name":"wp","href":"https:\/\/api.w.org\/{rel}","templated":true}]}}