{"id":2519,"date":"2021-10-28T15:47:39","date_gmt":"2021-10-28T14:47:39","guid":{"rendered":"https:\/\/azezana.net\/de\/product\/handgefertigter-seidenschal-blau-naturfarbstoff-copy-2\/"},"modified":"2023-02-24T17:00:23","modified_gmt":"2023-02-24T16:00:23","slug":"handgefertigter-seidenschal-blau-naturfarbstoff-copy-2","status":"publish","type":"product","link":"https:\/\/azezana.net\/de\/product\/handgefertigter-seidenschal-blau-naturfarbstoff-copy-2\/","title":{"rendered":"Zena Gelb"},"content":{"rendered":"","protected":false},"excerpt":{"rendered":"<p><strong>Seidenschal handgefertigt von Frauen in Afghanistan<\/strong><\/p>\n<p>Dieser wundersch\u00f6ne gr\u00fcne Seidenschal mit roten und orangen Streifen verdankt seine leuchtenden Farben durch nat\u00fcrliche und umweltschonende F\u00e4rbung, seine Sch\u00f6nheit durch W\u00fcnsche und Tr\u00e4ume f\u00fcr eine bessere Zukunft.<\/p>\n<p>Alle unsere Schals werden von Frauen in Afghanistan handgefertigt. Die Produktion jedes Schals hilft, die notleidendsten Frauen in Afghanistan zu einem Leben in W\u00fcrde und Selbstversorgung zu machen. Die Seide beziehen wir aus der Region um Herat in Afghanistan. An der alten Seidenstra\u00dfe gelegen, war die Stadt Herat \u00fcber Jahrhunderte ein bedeutender Umschlagsplatz f\u00fcr Seide und ein Zentrum der Verarbeitung dieses kostbaren Stoffes.<\/p>\n<p>Mit diesem AZEZANA Schal tragen Sie die Hoffnung afghanischer Frauen f\u00fcr eine bessere Zukunft mit sich.<\/p>\n<p>Gr\u00f6\u00dfe: 180 cm x 40 cm<\/p>\n<p>Material: Reine Seide<\/p>\n<p>Farbe: Gelb und Rot<\/p>\n<p>Muster: Streifen<\/p>\n","protected":false},"featured_media":2485,"comment_status":"open","ping_status":"closed","template":"","meta":[],"_links":{"self":[{"href":"https:\/\/azezana.net\/de\/wp-json\/wp\/v2\/product\/2519"}],"collection":[{"href":"https:\/\/azezana.net\/de\/wp-json\/wp\/v2\/product"}],"about":[{"href":"https:\/\/azezana.net\/de\/wp-json\/wp\/v2\/types\/product"}],"replies":[{"embeddable":true,"href":"https:\/\/azezana.net\/de\/wp-json\/wp\/v2\/comments?post=2519"}],"wp:featuredmedia":[{"embeddable":true,"href":"https:\/\/azezana.net\/de\/wp-json\/wp\/v2\/media\/2485"}],"wp:attachment":[{"href":"https:\/\/azezana.net\/de\/wp-json\/wp\/v2\/media?parent=2519"}],"curies":[{"name":"wp","href":"https:\/\/api.w.org\/{rel}","templated":true}]}}