{"id":2527,"date":"2021-11-23T15:28:14","date_gmt":"2021-11-23T14:28:14","guid":{"rendered":"https:\/\/azezana.net\/de\/product\/sitar-schwarz-und-silber-grau-copy\/"},"modified":"2025-05-15T14:09:11","modified_gmt":"2025-05-15T13:09:11","slug":"sitar-schwarz-und-silber-grau-copy","status":"publish","type":"product","link":"https:\/\/azezana.net\/de\/product\/sitar-schwarz-und-silber-grau-copy\/","title":{"rendered":"Sitar Schwarz, Silber und Rot"},"content":{"rendered":"","protected":false},"excerpt":{"rendered":"<h5>Seidenschal handgefertigt von Frauen in Afghanistan<\/h5>\n<p class=\"tw-data-text tw-ta tw-text-small\" dir=\"ltr\" data-placeholder=\"\u00dcbersetzung\"><span lang=\"de\">Dieser wundersch\u00f6ne schwarze Seidenschal mit silbergrauen und roten Streifen <\/span>verdankt seine leuchtenden Farben durch nat\u00fcrliche und umweltschonende F\u00e4rbung, seine Sch\u00f6nheit durch W\u00fcnsche und Tr\u00e4ume f\u00fcr eine bessere Zukunft.<\/p>\n<p>Alle unsere Schals werden von Frauen in Afghanistan handgefertigt. Die Produktion jedes Schals hilft, die notleidendsten Frauen in Afghanistan zu einem Leben in W\u00fcrde und Selbstversorgung zu machen. Die Seide beziehen wir aus der Region um Herat in Afghanistan. An der alten Seidenstra\u00dfe gelegen, war die Stadt Herat \u00fcber Jahrhunderte ein bedeutender Umschlagsplatz f\u00fcr Seide und ein Zentrum der Verarbeitung dieses kostbaren Stoffes.<\/p>\n<p>Mit diesem AZEZANA Schal tragen Sie die Hoffnung afghanischer Frauen f\u00fcr eine bessere Zukunft mit sich.<\/p>\n<p>Gr\u00f6\u00dfe: 180 cm x 40 cm<\/p>\n<p class=\"tw-data-text tw-ta tw-text-small\" dir=\"ltr\" data-placeholder=\"\u00dcbersetzung\">Material: Reine Seide<\/p>\n<p>Farbe: Schwarz, Grau und Rot<\/p>\n<p>Muster: Streifen Exklusiv<\/p>\n","protected":false},"featured_media":2430,"comment_status":"open","ping_status":"closed","template":"","meta":[],"_links":{"self":[{"href":"https:\/\/azezana.net\/de\/wp-json\/wp\/v2\/product\/2527"}],"collection":[{"href":"https:\/\/azezana.net\/de\/wp-json\/wp\/v2\/product"}],"about":[{"href":"https:\/\/azezana.net\/de\/wp-json\/wp\/v2\/types\/product"}],"replies":[{"embeddable":true,"href":"https:\/\/azezana.net\/de\/wp-json\/wp\/v2\/comments?post=2527"}],"wp:featuredmedia":[{"embeddable":true,"href":"https:\/\/azezana.net\/de\/wp-json\/wp\/v2\/media\/2430"}],"wp:attachment":[{"href":"https:\/\/azezana.net\/de\/wp-json\/wp\/v2\/media?parent=2527"}],"curies":[{"name":"wp","href":"https:\/\/api.w.org\/{rel}","templated":true}]}}